{"id":25,"date":"2021-03-09T16:27:12","date_gmt":"2021-03-09T15:27:12","guid":{"rendered":"http:\/\/chateaudejoyeuse.com\/?page_id=25"},"modified":"2024-02-01T13:59:25","modified_gmt":"2024-02-01T12:59:25","slug":"prives","status":"publish","type":"page","link":"https:\/\/chateaudejoyeuse.com\/index.php\/prives\/","title":{"rendered":"Priv\u00e9s"},"content":{"rendered":"\n<p>Mariages intimes, bapt\u00eames, f\u00eates d&rsquo;anniversaire, cousinades, d\u00e9part \u00e0 la retraite&#8230; Le Ch\u00e2teau de Joyeuse vous accueille dans un cadre de verdure et vous propose un ou plusieurs  espaces \u00e0 moduler ou privatiser l&rsquo;ensemble de la propri\u00e9t\u00e9 (hors b\u00e2timent principal). <\/p>\n\n\n\n<p>Nous sommes \u00e0 votre \u00e9coute pour r\u00e9aliser un devis personnalis\u00e9 et rendre cet \u00e9v\u00e8nement \u00e0 votre image.  <\/p>\n\n\n\n<h4 class=\"has-text-color wp-block-heading\" style=\"color:#647652\">Les espaces<\/h4>\n\n\n\n<p><strong>L&rsquo;espace Orangerie <\/strong>vous offre une belle salle de r\u00e9ception de 70 m2 en Rez de jardin pouvant accueillir environ 70 personnes. A l&rsquo;\u00e9tage, vous profiterez d&rsquo;un espace de m\u00eame dimension, clair et lumineux mais ne pouvant pas \u00eatre utilis\u00e9 comme salle de danse.<\/p>\n\n\n\n<p>Selon le temps, vous pourrez profiter de la vue sur la vall\u00e9e de la Valloire pour vos d\u00e9jeuners et soir\u00e9es, \u00e0 l&rsquo;ombre d&rsquo;arbres centenaires. <\/p>\n\n\n\n<figure class=\"wp-block-gallery has-nested-images columns-default is-cropped wp-block-gallery-1 is-layout-flex wp-block-gallery-is-layout-flex\">\n<figure class=\"wp-block-image size-large\"><img fetchpriority=\"high\" decoding=\"async\" width=\"640\" height=\"480\" data-id=\"396\" src=\"http:\/\/chateaudejoyeuse.com\/wp-content\/uploads\/2021\/08\/IMG_9696-2.jpg\" alt=\"\" class=\"wp-image-396\" srcset=\"https:\/\/chateaudejoyeuse.com\/wp-content\/uploads\/2021\/08\/IMG_9696-2.jpg 640w, https:\/\/chateaudejoyeuse.com\/wp-content\/uploads\/2021\/08\/IMG_9696-2-300x225.jpg 300w\" sizes=\"(max-width: 640px) 100vw, 640px\" \/><figcaption>L&rsquo;espace Orangerie<\/figcaption><\/figure>\n\n\n\n<figure class=\"wp-block-image size-large\"><img decoding=\"async\" width=\"640\" height=\"480\" data-id=\"360\" src=\"http:\/\/chateaudejoyeuse.com\/wp-content\/uploads\/2021\/08\/e4ef220a-de7b-4214-b21a-2449291a4873-1.jpg\" alt=\"\" class=\"wp-image-360\" srcset=\"https:\/\/chateaudejoyeuse.com\/wp-content\/uploads\/2021\/08\/e4ef220a-de7b-4214-b21a-2449291a4873-1.jpg 640w, https:\/\/chateaudejoyeuse.com\/wp-content\/uploads\/2021\/08\/e4ef220a-de7b-4214-b21a-2449291a4873-1-300x225.jpg 300w\" sizes=\"(max-width: 640px) 100vw, 640px\" \/><\/figure>\n\n\n\n<figure class=\"wp-block-image size-large\"><img decoding=\"async\" width=\"1024\" height=\"683\" data-id=\"363\" src=\"http:\/\/chateaudejoyeuse.com\/wp-content\/uploads\/2021\/08\/JP_219-1-1024x683.jpg\" alt=\"\" class=\"wp-image-363\" srcset=\"https:\/\/chateaudejoyeuse.com\/wp-content\/uploads\/2021\/08\/JP_219-1-1024x683.jpg 1024w, https:\/\/chateaudejoyeuse.com\/wp-content\/uploads\/2021\/08\/JP_219-1-300x200.jpg 300w, https:\/\/chateaudejoyeuse.com\/wp-content\/uploads\/2021\/08\/JP_219-1-768x512.jpg 768w, https:\/\/chateaudejoyeuse.com\/wp-content\/uploads\/2021\/08\/JP_219-1-1536x1024.jpg 1536w, https:\/\/chateaudejoyeuse.com\/wp-content\/uploads\/2021\/08\/JP_219-1-2048x1366.jpg 2048w\" sizes=\"(max-width: 1024px) 100vw, 1024px\" \/><\/figure>\n\n\n\n<figure class=\"wp-block-image size-large\"><img loading=\"lazy\" decoding=\"async\" width=\"640\" height=\"480\" data-id=\"398\" src=\"http:\/\/chateaudejoyeuse.com\/wp-content\/uploads\/2021\/08\/IMG_9703.jpg\" alt=\"\" class=\"wp-image-398\" srcset=\"https:\/\/chateaudejoyeuse.com\/wp-content\/uploads\/2021\/08\/IMG_9703.jpg 640w, https:\/\/chateaudejoyeuse.com\/wp-content\/uploads\/2021\/08\/IMG_9703-300x225.jpg 300w\" sizes=\"(max-width: 640px) 100vw, 640px\" \/><figcaption>Salle Rez de jardin Orangerie<\/figcaption><\/figure>\n\n\n\n<figure class=\"wp-block-image size-large\"><img loading=\"lazy\" decoding=\"async\" width=\"640\" height=\"480\" data-id=\"399\" src=\"http:\/\/chateaudejoyeuse.com\/wp-content\/uploads\/2021\/08\/IMG_9706.jpg\" alt=\"\" class=\"wp-image-399\" srcset=\"https:\/\/chateaudejoyeuse.com\/wp-content\/uploads\/2021\/08\/IMG_9706.jpg 640w, https:\/\/chateaudejoyeuse.com\/wp-content\/uploads\/2021\/08\/IMG_9706-300x225.jpg 300w\" sizes=\"(max-width: 640px) 100vw, 640px\" \/><figcaption>L&rsquo;orangerie<\/figcaption><\/figure>\n<figcaption class=\"blocks-gallery-caption\">L&rsquo;espace Orangerie <\/figcaption><\/figure>\n\n\n\n<p><strong>L&rsquo;espace piscine<\/strong> comprenant 1 piscine de 15X7 et 1 pool house avec barbecue peut accueillir une trentaine de personnes et agr\u00e9menter votre \u00e9v\u00e8nement. (la piscine n&rsquo;est pas surveill\u00e9e et la baignade est sous la responsabilit\u00e9 des parents)<\/p>\n\n\n\n<figure class=\"wp-block-gallery has-nested-images columns-default is-cropped wp-block-gallery-2 is-layout-flex wp-block-gallery-is-layout-flex\">\n<figure class=\"wp-block-image size-large\"><img loading=\"lazy\" decoding=\"async\" width=\"1024\" height=\"768\" data-id=\"40\" src=\"http:\/\/chateaudejoyeuse.com\/wp-content\/uploads\/2021\/03\/P1000399-1024x768.jpg\" alt=\"\" class=\"wp-image-40\" srcset=\"https:\/\/chateaudejoyeuse.com\/wp-content\/uploads\/2021\/03\/P1000399-1024x768.jpg 1024w, https:\/\/chateaudejoyeuse.com\/wp-content\/uploads\/2021\/03\/P1000399-300x225.jpg 300w, https:\/\/chateaudejoyeuse.com\/wp-content\/uploads\/2021\/03\/P1000399-768x576.jpg 768w, https:\/\/chateaudejoyeuse.com\/wp-content\/uploads\/2021\/03\/P1000399-1536x1152.jpg 1536w, https:\/\/chateaudejoyeuse.com\/wp-content\/uploads\/2021\/03\/P1000399-2048x1536.jpg 2048w\" sizes=\"(max-width: 1024px) 100vw, 1024px\" \/><\/figure>\n\n\n\n<figure class=\"wp-block-image size-large\"><img loading=\"lazy\" decoding=\"async\" width=\"1024\" height=\"768\" data-id=\"41\" src=\"http:\/\/chateaudejoyeuse.com\/wp-content\/uploads\/2021\/03\/P1000426-1024x768.jpg\" alt=\"\" class=\"wp-image-41\" srcset=\"https:\/\/chateaudejoyeuse.com\/wp-content\/uploads\/2021\/03\/P1000426-1024x768.jpg 1024w, https:\/\/chateaudejoyeuse.com\/wp-content\/uploads\/2021\/03\/P1000426-300x225.jpg 300w, https:\/\/chateaudejoyeuse.com\/wp-content\/uploads\/2021\/03\/P1000426-768x576.jpg 768w, https:\/\/chateaudejoyeuse.com\/wp-content\/uploads\/2021\/03\/P1000426-1536x1152.jpg 1536w, https:\/\/chateaudejoyeuse.com\/wp-content\/uploads\/2021\/03\/P1000426-2048x1536.jpg 2048w\" sizes=\"(max-width: 1024px) 100vw, 1024px\" \/><\/figure>\n<figcaption class=\"blocks-gallery-caption\">L&rsquo;espace piscine<\/figcaption><\/figure>\n\n\n\n<p> <\/p>\n\n\n\n<p><strong>Le Parc <\/strong>enti\u00e8rement clos de murs de 3 hectares , des all\u00e9es aux arbres centenaires, des espaces verts , la vue sur la vall\u00e9e de la Valloire vous invitent \u00e0 vivre pleinement votre \u00e9v\u00e8nements aux reflets de vos envies !Il est possible d&rsquo;installer des <strong>chapiteaux,<\/strong> barnums , jeux gonflables&#8230;dans le parc.<\/p>\n\n\n\n<figure class=\"wp-block-gallery has-nested-images columns-default is-cropped wp-block-gallery-3 is-layout-flex wp-block-gallery-is-layout-flex\">\n<figure class=\"wp-block-image size-large\"><img loading=\"lazy\" decoding=\"async\" width=\"1024\" height=\"768\" data-id=\"44\" src=\"http:\/\/chateaudejoyeuse.com\/wp-content\/uploads\/2021\/03\/P1000397-1-1024x768.jpg\" alt=\"\" class=\"wp-image-44\" srcset=\"https:\/\/chateaudejoyeuse.com\/wp-content\/uploads\/2021\/03\/P1000397-1-1024x768.jpg 1024w, https:\/\/chateaudejoyeuse.com\/wp-content\/uploads\/2021\/03\/P1000397-1-300x225.jpg 300w, https:\/\/chateaudejoyeuse.com\/wp-content\/uploads\/2021\/03\/P1000397-1-768x576.jpg 768w, https:\/\/chateaudejoyeuse.com\/wp-content\/uploads\/2021\/03\/P1000397-1-1536x1152.jpg 1536w, https:\/\/chateaudejoyeuse.com\/wp-content\/uploads\/2021\/03\/P1000397-1-2048x1536.jpg 2048w\" sizes=\"(max-width: 1024px) 100vw, 1024px\" \/><figcaption>La vue sur la Valloire<\/figcaption><\/figure>\n\n\n\n<figure class=\"wp-block-image size-large\"><img loading=\"lazy\" decoding=\"async\" width=\"1024\" height=\"768\" data-id=\"45\" src=\"http:\/\/chateaudejoyeuse.com\/wp-content\/uploads\/2021\/03\/P1000425-1024x768.jpg\" alt=\"\" class=\"wp-image-45\" srcset=\"https:\/\/chateaudejoyeuse.com\/wp-content\/uploads\/2021\/03\/P1000425-1024x768.jpg 1024w, https:\/\/chateaudejoyeuse.com\/wp-content\/uploads\/2021\/03\/P1000425-300x225.jpg 300w, https:\/\/chateaudejoyeuse.com\/wp-content\/uploads\/2021\/03\/P1000425-768x576.jpg 768w, https:\/\/chateaudejoyeuse.com\/wp-content\/uploads\/2021\/03\/P1000425-1536x1152.jpg 1536w, https:\/\/chateaudejoyeuse.com\/wp-content\/uploads\/2021\/03\/P1000425-2048x1536.jpg 2048w\" sizes=\"(max-width: 1024px) 100vw, 1024px\" \/><figcaption>L&rsquo;espace piscine <\/figcaption><\/figure>\n\n\n\n<figure class=\"wp-block-image size-large\"><img loading=\"lazy\" decoding=\"async\" width=\"480\" height=\"640\" data-id=\"364\" src=\"http:\/\/chateaudejoyeuse.com\/wp-content\/uploads\/2021\/08\/2ba1d478-28e7-4795-b2af-2d686d3b3a9d-1.jpg\" alt=\"\" class=\"wp-image-364\" srcset=\"https:\/\/chateaudejoyeuse.com\/wp-content\/uploads\/2021\/08\/2ba1d478-28e7-4795-b2af-2d686d3b3a9d-1.jpg 480w, https:\/\/chateaudejoyeuse.com\/wp-content\/uploads\/2021\/08\/2ba1d478-28e7-4795-b2af-2d686d3b3a9d-1-225x300.jpg 225w\" sizes=\"(max-width: 480px) 100vw, 480px\" \/><figcaption>L&rsquo;all\u00e9e principale<\/figcaption><\/figure>\n\n\n\n<figure class=\"wp-block-image size-large\"><img loading=\"lazy\" decoding=\"async\" width=\"1024\" height=\"768\" data-id=\"365\" src=\"http:\/\/chateaudejoyeuse.com\/wp-content\/uploads\/2021\/08\/331e401c-fcc8-46c2-8c4d-47e366d215d4-2-1024x768.jpg\" alt=\"\" class=\"wp-image-365\" srcset=\"https:\/\/chateaudejoyeuse.com\/wp-content\/uploads\/2021\/08\/331e401c-fcc8-46c2-8c4d-47e366d215d4-2-1024x768.jpg 1024w, https:\/\/chateaudejoyeuse.com\/wp-content\/uploads\/2021\/08\/331e401c-fcc8-46c2-8c4d-47e366d215d4-2-300x225.jpg 300w, https:\/\/chateaudejoyeuse.com\/wp-content\/uploads\/2021\/08\/331e401c-fcc8-46c2-8c4d-47e366d215d4-2-768x576.jpg 768w, https:\/\/chateaudejoyeuse.com\/wp-content\/uploads\/2021\/08\/331e401c-fcc8-46c2-8c4d-47e366d215d4-2-1536x1152.jpg 1536w, https:\/\/chateaudejoyeuse.com\/wp-content\/uploads\/2021\/08\/331e401c-fcc8-46c2-8c4d-47e366d215d4-2.jpg 1600w\" sizes=\"(max-width: 1024px) 100vw, 1024px\" \/><figcaption>Le Ch\u00e2teau<\/figcaption><\/figure>\n\n\n\n<figure class=\"wp-block-image size-large\"><img loading=\"lazy\" decoding=\"async\" width=\"1024\" height=\"683\" data-id=\"366\" src=\"http:\/\/chateaudejoyeuse.com\/wp-content\/uploads\/2021\/08\/JP_60-1-1024x683.jpg\" alt=\"\" class=\"wp-image-366\" srcset=\"https:\/\/chateaudejoyeuse.com\/wp-content\/uploads\/2021\/08\/JP_60-1-1024x683.jpg 1024w, https:\/\/chateaudejoyeuse.com\/wp-content\/uploads\/2021\/08\/JP_60-1-300x200.jpg 300w, https:\/\/chateaudejoyeuse.com\/wp-content\/uploads\/2021\/08\/JP_60-1-768x512.jpg 768w, https:\/\/chateaudejoyeuse.com\/wp-content\/uploads\/2021\/08\/JP_60-1-1536x1024.jpg 1536w, https:\/\/chateaudejoyeuse.com\/wp-content\/uploads\/2021\/08\/JP_60-1-2048x1365.jpg 2048w\" sizes=\"(max-width: 1024px) 100vw, 1024px\" \/><\/figure>\n\n\n\n<figure class=\"wp-block-image size-large\"><img loading=\"lazy\" decoding=\"async\" width=\"1024\" height=\"683\" data-id=\"368\" src=\"http:\/\/chateaudejoyeuse.com\/wp-content\/uploads\/2021\/08\/JP_11-2-1024x683.jpg\" alt=\"\" class=\"wp-image-368\" srcset=\"https:\/\/chateaudejoyeuse.com\/wp-content\/uploads\/2021\/08\/JP_11-2-1024x683.jpg 1024w, https:\/\/chateaudejoyeuse.com\/wp-content\/uploads\/2021\/08\/JP_11-2-300x200.jpg 300w, https:\/\/chateaudejoyeuse.com\/wp-content\/uploads\/2021\/08\/JP_11-2-768x512.jpg 768w, https:\/\/chateaudejoyeuse.com\/wp-content\/uploads\/2021\/08\/JP_11-2-1536x1024.jpg 1536w, https:\/\/chateaudejoyeuse.com\/wp-content\/uploads\/2021\/08\/JP_11-2-2048x1365.jpg 2048w\" sizes=\"(max-width: 1024px) 100vw, 1024px\" \/><\/figure>\n<figcaption class=\"blocks-gallery-caption\"><br>Le parc de 3 hectares clos de murs<\/figcaption><\/figure>\n\n\n\n<p><\/p>\n\n\n\n<h4 class=\"has-text-color wp-block-heading\" style=\"color:#647652\">Les h\u00e9bergements, les gites<\/h4>\n\n\n\n<p><strong>Avec ou sans l&rsquo;option Location d&rsquo;espace<\/strong>, Nous vous proposons en location dans le parc <strong>2 logements.<\/strong><\/p>\n\n\n\n<ul><li>Appartement dans l&rsquo;une des tours du Ch\u00e2teau de  90 m2 environ sur 3 niveaux ,couchage possible 5 personnes maximum. Le logement comprend au Rez de chauss\u00e9e 1 s\u00e9jour avec cuisine \u00e9quip\u00e9e ; au 1er \u00e9tage, 1 grande chambre avec 1 lit double, 1 salle de bains. Au 2\u00e8me \u00e9tage, vous trouverez 2 lits simples et 1 lit pliant, 1 point d&rsquo;eau avec 1 machine \u00e0 laver le linge.  Les escaliers sont un peu raides et ne sont pas adapt\u00e9s aux enfants en bas \u00e2ge et personnes \u00e0 mobilit\u00e9 r\u00e9duite.<\/li><li>Appartement attenant au pr\u00e9c\u00e9dent d&rsquo;environ 50 m2 de plein pied comprenant 1 s\u00e9jour avec cuisine, 1 chambre avec 1 lit en 160 et 2 lits superpos\u00e9s.<\/li><\/ul>\n\n\n\n<p>Devant votre appartement, vous profiterez d&rsquo;un salon de jardin personnel, et d&rsquo;un barbecue. <\/p>\n\n\n\n<figure class=\"wp-block-gallery has-nested-images columns-default is-cropped wp-block-gallery-4 is-layout-flex wp-block-gallery-is-layout-flex\">\n<figure class=\"wp-block-image size-large\"><img loading=\"lazy\" decoding=\"async\" width=\"640\" height=\"480\" data-id=\"54\" src=\"http:\/\/chateaudejoyeuse.com\/wp-content\/uploads\/2021\/03\/IMG_5656-1.jpg\" alt=\"\" class=\"wp-image-54\" srcset=\"https:\/\/chateaudejoyeuse.com\/wp-content\/uploads\/2021\/03\/IMG_5656-1.jpg 640w, https:\/\/chateaudejoyeuse.com\/wp-content\/uploads\/2021\/03\/IMG_5656-1-300x225.jpg 300w\" sizes=\"(max-width: 640px) 100vw, 640px\" \/><\/figure>\n\n\n\n<figure class=\"wp-block-image size-large\"><img loading=\"lazy\" decoding=\"async\" width=\"640\" height=\"480\" data-id=\"55\" src=\"http:\/\/chateaudejoyeuse.com\/wp-content\/uploads\/2021\/03\/IMG_5658.jpg\" alt=\"\" class=\"wp-image-55\" srcset=\"https:\/\/chateaudejoyeuse.com\/wp-content\/uploads\/2021\/03\/IMG_5658.jpg 640w, https:\/\/chateaudejoyeuse.com\/wp-content\/uploads\/2021\/03\/IMG_5658-300x225.jpg 300w\" sizes=\"(max-width: 640px) 100vw, 640px\" \/><\/figure>\n\n\n\n<figure class=\"wp-block-image size-large\"><img loading=\"lazy\" decoding=\"async\" width=\"640\" height=\"480\" data-id=\"56\" src=\"http:\/\/chateaudejoyeuse.com\/wp-content\/uploads\/2021\/03\/IMG_5659.jpg\" alt=\"\" class=\"wp-image-56\" srcset=\"https:\/\/chateaudejoyeuse.com\/wp-content\/uploads\/2021\/03\/IMG_5659.jpg 640w, https:\/\/chateaudejoyeuse.com\/wp-content\/uploads\/2021\/03\/IMG_5659-300x225.jpg 300w\" sizes=\"(max-width: 640px) 100vw, 640px\" \/><\/figure>\n<\/figure>\n\n\n\n<p>Location de gites <\/p>\n\n\n\n<p><\/p>\n\n\n\n<h4 class=\"has-text-color wp-block-heading\" style=\"color:#647652\">T\u00e9moignages<\/h4>\n\n\n\n<div class=\"wp-block-media-text alignwide is-stacked-on-mobile\"><figure class=\"wp-block-media-text__media\"><\/figure><div class=\"wp-block-media-text__content\">\n<p class=\"has-medium-font-size\"><a href=\"https:\/\/instant-shooting.com\/blogue\/mariage-chateau-joyeuse\/\" data-type=\"URL\" data-id=\"https:\/\/instant-shooting.com\/blogue\/mariage-chateau-joyeuse\/\">https:\/\/instant-shooting.com\/blogue\/mariage-chateau-joyeuse\/<\/a><\/p>\n<\/div><\/div>\n\n\n\n\n\n<h4 class=\"wp-block-heading\"> <\/h4>\n","protected":false},"excerpt":{"rendered":"<p>Mariages intimes, bapt\u00eames, f\u00eates d&rsquo;anniversaire, cousinades, d\u00e9part \u00e0 la retraite&#8230; Le Ch\u00e2teau de Joyeuse vous accueille dans un cadre de verdure et vous propose un ou plusieurs espaces \u00e0 moduler ou privatiser l&rsquo;ensemble de la propri\u00e9t\u00e9 (hors b\u00e2timent principal). Nous sommes \u00e0 votre \u00e9coute pour r\u00e9aliser un devis personnalis\u00e9 et rendre cet \u00e9v\u00e8nement \u00e0 votre [&hellip;]<\/p>\n","protected":false},"author":1,"featured_media":0,"parent":0,"menu_order":0,"comment_status":"closed","ping_status":"closed","template":"","meta":{"ocean_post_layout":"","ocean_both_sidebars_style":"","ocean_both_sidebars_content_width":0,"ocean_both_sidebars_sidebars_width":0,"ocean_sidebar":"0","ocean_second_sidebar":"0","ocean_disable_margins":"enable","ocean_add_body_class":"","ocean_shortcode_before_top_bar":"","ocean_shortcode_after_top_bar":"","ocean_shortcode_before_header":"","ocean_shortcode_after_header":"","ocean_has_shortcode":"","ocean_shortcode_after_title":"","ocean_shortcode_before_footer_widgets":"","ocean_shortcode_after_footer_widgets":"","ocean_shortcode_before_footer_bottom":"","ocean_shortcode_after_footer_bottom":"","ocean_display_top_bar":"default","ocean_display_header":"default","ocean_header_style":"","ocean_center_header_left_menu":"0","ocean_custom_header_template":"0","ocean_custom_logo":0,"ocean_custom_retina_logo":0,"ocean_custom_logo_max_width":0,"ocean_custom_logo_tablet_max_width":0,"ocean_custom_logo_mobile_max_width":0,"ocean_custom_logo_max_height":0,"ocean_custom_logo_tablet_max_height":0,"ocean_custom_logo_mobile_max_height":0,"ocean_header_custom_menu":"0","ocean_menu_typo_font_family":"0","ocean_menu_typo_font_subset":"","ocean_menu_typo_font_size":0,"ocean_menu_typo_font_size_tablet":0,"ocean_menu_typo_font_size_mobile":0,"ocean_menu_typo_font_size_unit":"px","ocean_menu_typo_font_weight":"","ocean_menu_typo_font_weight_tablet":"","ocean_menu_typo_font_weight_mobile":"","ocean_menu_typo_transform":"","ocean_menu_typo_transform_tablet":"","ocean_menu_typo_transform_mobile":"","ocean_menu_typo_line_height":0,"ocean_menu_typo_line_height_tablet":0,"ocean_menu_typo_line_height_mobile":0,"ocean_menu_typo_line_height_unit":"","ocean_menu_typo_spacing":0,"ocean_menu_typo_spacing_tablet":0,"ocean_menu_typo_spacing_mobile":0,"ocean_menu_typo_spacing_unit":"","ocean_menu_link_color":"","ocean_menu_link_color_hover":"","ocean_menu_link_color_active":"","ocean_menu_link_background":"","ocean_menu_link_hover_background":"","ocean_menu_link_active_background":"","ocean_menu_social_links_bg":"","ocean_menu_social_hover_links_bg":"","ocean_menu_social_links_color":"","ocean_menu_social_hover_links_color":"","ocean_disable_title":"default","ocean_disable_heading":"default","ocean_post_title":"","ocean_post_subheading":"","ocean_post_title_style":"","ocean_post_title_background_color":"","ocean_post_title_background":0,"ocean_post_title_bg_image_position":"","ocean_post_title_bg_image_attachment":"","ocean_post_title_bg_image_repeat":"","ocean_post_title_bg_image_size":"","ocean_post_title_height":0,"ocean_post_title_bg_overlay":0.5,"ocean_post_title_bg_overlay_color":"","ocean_disable_breadcrumbs":"default","ocean_breadcrumbs_color":"","ocean_breadcrumbs_separator_color":"","ocean_breadcrumbs_links_color":"","ocean_breadcrumbs_links_hover_color":"","ocean_display_footer_widgets":"default","ocean_display_footer_bottom":"default","ocean_custom_footer_template":"0","footnotes":""},"_links":{"self":[{"href":"https:\/\/chateaudejoyeuse.com\/index.php\/wp-json\/wp\/v2\/pages\/25"}],"collection":[{"href":"https:\/\/chateaudejoyeuse.com\/index.php\/wp-json\/wp\/v2\/pages"}],"about":[{"href":"https:\/\/chateaudejoyeuse.com\/index.php\/wp-json\/wp\/v2\/types\/page"}],"author":[{"embeddable":true,"href":"https:\/\/chateaudejoyeuse.com\/index.php\/wp-json\/wp\/v2\/users\/1"}],"replies":[{"embeddable":true,"href":"https:\/\/chateaudejoyeuse.com\/index.php\/wp-json\/wp\/v2\/comments?post=25"}],"version-history":[{"count":23,"href":"https:\/\/chateaudejoyeuse.com\/index.php\/wp-json\/wp\/v2\/pages\/25\/revisions"}],"predecessor-version":[{"id":507,"href":"https:\/\/chateaudejoyeuse.com\/index.php\/wp-json\/wp\/v2\/pages\/25\/revisions\/507"}],"wp:attachment":[{"href":"https:\/\/chateaudejoyeuse.com\/index.php\/wp-json\/wp\/v2\/media?parent=25"}],"curies":[{"name":"wp","href":"https:\/\/api.w.org\/{rel}","templated":true}]}}