{"id":12,"date":"2021-03-09T11:49:30","date_gmt":"2021-03-09T10:49:30","guid":{"rendered":"http:\/\/chateaudejoyeuse.com\/?page_id=12"},"modified":"2024-02-01T13:50:51","modified_gmt":"2024-02-01T12:50:51","slug":"professionnels","status":"publish","type":"page","link":"https:\/\/chateaudejoyeuse.com\/index.php\/professionnels\/","title":{"rendered":"Professionnels"},"content":{"rendered":"\n<p>Afterwork, s\u00e9minaires, cocktails, conf\u00e9rences, salons, formation &#8230; Le Ch\u00e2teau de Joyeuse offre un lieu modulable pour vos \u00e9v\u00e8nements professionnels en fonction de vos envies, en int\u00e9rieur comme en ext\u00e9rieur.<\/p>\n\n\n\n<h4 class=\"wp-block-heading\"><mark style=\"background-color:rgba(0, 0, 0, 0);color:#647652\" class=\"has-inline-color\">Les espaces<\/mark><\/h4>\n\n\n\n<p><strong>L&rsquo;Orangerie <\/strong>propose une salle de 70 m2 en Rez de jardin pouvant accueillir environ 70 personnes. A l&rsquo;\u00e9tage, vous profiterez d&rsquo;un espace de m\u00eame caract\u00e9ristiques.  Vous avez la possibilit\u00e9 de rajouter des  barnums ou chapiteaux dans le parc. <\/p>\n\n\n\n<p>Selon le temps, vous pourrez profiter d&rsquo;un d\u00e9jeuner \u00e0 l&rsquo;ext\u00e9rieur sous les arbres centenaires, face \u00e0 la vall\u00e9e de la Valloire. <\/p>\n\n\n\n<figure class=\"wp-block-image size-full\"><img fetchpriority=\"high\" decoding=\"async\" width=\"640\" height=\"480\" src=\"http:\/\/chateaudejoyeuse.com\/wp-content\/uploads\/2021\/08\/IMG_9696-3.jpg\" alt=\"\" class=\"wp-image-401\" srcset=\"https:\/\/chateaudejoyeuse.com\/wp-content\/uploads\/2021\/08\/IMG_9696-3.jpg 640w, https:\/\/chateaudejoyeuse.com\/wp-content\/uploads\/2021\/08\/IMG_9696-3-300x225.jpg 300w\" sizes=\"(max-width: 640px) 100vw, 640px\" \/><figcaption>L&rsquo;espace Orangerie<\/figcaption><\/figure>\n\n\n\n<figure class=\"wp-block-gallery has-nested-images columns-default is-cropped wp-block-gallery-1 is-layout-flex wp-block-gallery-is-layout-flex\">\n<figure class=\"wp-block-image size-large\"><img decoding=\"async\" width=\"640\" height=\"480\" data-id=\"405\" src=\"http:\/\/chateaudejoyeuse.com\/wp-content\/uploads\/2021\/08\/IMG_9703-2.jpg\" alt=\"\" class=\"wp-image-405\" srcset=\"https:\/\/chateaudejoyeuse.com\/wp-content\/uploads\/2021\/08\/IMG_9703-2.jpg 640w, https:\/\/chateaudejoyeuse.com\/wp-content\/uploads\/2021\/08\/IMG_9703-2-300x225.jpg 300w\" sizes=\"(max-width: 640px) 100vw, 640px\" \/><\/figure>\n\n\n\n<figure class=\"wp-block-image size-large\"><img decoding=\"async\" width=\"640\" height=\"480\" data-id=\"406\" src=\"http:\/\/chateaudejoyeuse.com\/wp-content\/uploads\/2021\/08\/IMG_9699.jpg\" alt=\"\" class=\"wp-image-406\" srcset=\"https:\/\/chateaudejoyeuse.com\/wp-content\/uploads\/2021\/08\/IMG_9699.jpg 640w, https:\/\/chateaudejoyeuse.com\/wp-content\/uploads\/2021\/08\/IMG_9699-300x225.jpg 300w\" sizes=\"(max-width: 640px) 100vw, 640px\" \/><\/figure>\n\n\n\n<figure class=\"wp-block-image size-large\"><img loading=\"lazy\" decoding=\"async\" width=\"640\" height=\"480\" data-id=\"409\" src=\"http:\/\/chateaudejoyeuse.com\/wp-content\/uploads\/2021\/08\/IMG_9706-2.jpg\" alt=\"\" class=\"wp-image-409\" srcset=\"https:\/\/chateaudejoyeuse.com\/wp-content\/uploads\/2021\/08\/IMG_9706-2.jpg 640w, https:\/\/chateaudejoyeuse.com\/wp-content\/uploads\/2021\/08\/IMG_9706-2-300x225.jpg 300w\" sizes=\"(max-width: 640px) 100vw, 640px\" \/><\/figure>\n<\/figure>\n\n\n\n<p><strong>Le Parc<\/strong> enti\u00e8rement clos de murs de 3 hectares, des all\u00e9es aux arbres centenaires vous invitent \u00e0 vivre pleinement votre \u00e9v\u00e8nement aux reflets de vos envies !<\/p>\n\n\n\n<p><strong>L&rsquo;espace piscine<\/strong> comprenant 1 piscine de 15 X 7 et 1 pool house avec barbecue peut accueillir une trentaine de personnes et agr\u00e9menter votre \u00e9v\u00e8nement. <\/p>\n\n\n\n<p><strong>Privatisation du ch\u00e2teau <\/strong>: Le ch\u00e2teau de Joyeuse peut \u00eatre privatis\u00e9 (hors b\u00e2timent principal) pour l&rsquo;organisation de vos \u00e9v\u00e8nements.<\/p>\n\n\n\n<p> Nous pouvons vous accompagner tout au long de l&rsquo;\u00e9laboration de votre projet. <\/p>\n\n\n\n<h4 class=\"has-text-color wp-block-heading\" style=\"color:#647652\">Le mat\u00e9riel \u00e0 disposition, l&rsquo;h\u00e9bergement <\/h4>\n\n\n\n<p>Il est possible de louer le mobilier sur place (tables rondes de 8 personnes, tables rectangulaires , chaises houss\u00e9es, vaisselle&#8230;) <\/p>\n\n\n\n<p>2 gites sont \u00e9galement \u00e0 la location dans la propri\u00e9t\u00e9.<\/p>\n\n\n\n<h4 class=\"has-text-color wp-block-heading\" style=\"color:#647652\">Prestations ext\u00e9rieures<\/h4>\n\n\n\n<p>Le choix du traiteur est \u00e0 votre convenance. D\u00e9couvrez nos partenaires s\u00e9lectionn\u00e9s pour la r\u00e9ussite de vos \u00e9v\u00e8nements. <\/p>\n","protected":false},"excerpt":{"rendered":"<p>Afterwork, s\u00e9minaires, cocktails, conf\u00e9rences, salons, formation &#8230; Le Ch\u00e2teau de Joyeuse offre un lieu modulable pour vos \u00e9v\u00e8nements professionnels en fonction de vos envies, en int\u00e9rieur comme en ext\u00e9rieur. Les espaces L&rsquo;Orangerie propose une salle de 70 m2 en Rez de jardin pouvant accueillir environ 70 personnes. A l&rsquo;\u00e9tage, vous profiterez d&rsquo;un espace de m\u00eame [&hellip;]<\/p>\n","protected":false},"author":1,"featured_media":0,"parent":0,"menu_order":0,"comment_status":"closed","ping_status":"closed","template":"","meta":{"ocean_post_layout":"","ocean_both_sidebars_style":"","ocean_both_sidebars_content_width":0,"ocean_both_sidebars_sidebars_width":0,"ocean_sidebar":"0","ocean_second_sidebar":"0","ocean_disable_margins":"enable","ocean_add_body_class":"","ocean_shortcode_before_top_bar":"","ocean_shortcode_after_top_bar":"","ocean_shortcode_before_header":"","ocean_shortcode_after_header":"","ocean_has_shortcode":"","ocean_shortcode_after_title":"","ocean_shortcode_before_footer_widgets":"","ocean_shortcode_after_footer_widgets":"","ocean_shortcode_before_footer_bottom":"","ocean_shortcode_after_footer_bottom":"","ocean_display_top_bar":"default","ocean_display_header":"default","ocean_header_style":"","ocean_center_header_left_menu":"0","ocean_custom_header_template":"0","ocean_custom_logo":0,"ocean_custom_retina_logo":0,"ocean_custom_logo_max_width":0,"ocean_custom_logo_tablet_max_width":0,"ocean_custom_logo_mobile_max_width":0,"ocean_custom_logo_max_height":0,"ocean_custom_logo_tablet_max_height":0,"ocean_custom_logo_mobile_max_height":0,"ocean_header_custom_menu":"0","ocean_menu_typo_font_family":"0","ocean_menu_typo_font_subset":"","ocean_menu_typo_font_size":0,"ocean_menu_typo_font_size_tablet":0,"ocean_menu_typo_font_size_mobile":0,"ocean_menu_typo_font_size_unit":"px","ocean_menu_typo_font_weight":"","ocean_menu_typo_font_weight_tablet":"","ocean_menu_typo_font_weight_mobile":"","ocean_menu_typo_transform":"","ocean_menu_typo_transform_tablet":"","ocean_menu_typo_transform_mobile":"","ocean_menu_typo_line_height":0,"ocean_menu_typo_line_height_tablet":0,"ocean_menu_typo_line_height_mobile":0,"ocean_menu_typo_line_height_unit":"","ocean_menu_typo_spacing":0,"ocean_menu_typo_spacing_tablet":0,"ocean_menu_typo_spacing_mobile":0,"ocean_menu_typo_spacing_unit":"","ocean_menu_link_color":"","ocean_menu_link_color_hover":"","ocean_menu_link_color_active":"","ocean_menu_link_background":"","ocean_menu_link_hover_background":"","ocean_menu_link_active_background":"","ocean_menu_social_links_bg":"","ocean_menu_social_hover_links_bg":"","ocean_menu_social_links_color":"","ocean_menu_social_hover_links_color":"","ocean_disable_title":"default","ocean_disable_heading":"default","ocean_post_title":"","ocean_post_subheading":"","ocean_post_title_style":"","ocean_post_title_background_color":"","ocean_post_title_background":0,"ocean_post_title_bg_image_position":"","ocean_post_title_bg_image_attachment":"","ocean_post_title_bg_image_repeat":"","ocean_post_title_bg_image_size":"","ocean_post_title_height":0,"ocean_post_title_bg_overlay":0.5,"ocean_post_title_bg_overlay_color":"","ocean_disable_breadcrumbs":"default","ocean_breadcrumbs_color":"","ocean_breadcrumbs_separator_color":"","ocean_breadcrumbs_links_color":"","ocean_breadcrumbs_links_hover_color":"","ocean_display_footer_widgets":"default","ocean_display_footer_bottom":"default","ocean_custom_footer_template":"0","footnotes":""},"_links":{"self":[{"href":"https:\/\/chateaudejoyeuse.com\/index.php\/wp-json\/wp\/v2\/pages\/12"}],"collection":[{"href":"https:\/\/chateaudejoyeuse.com\/index.php\/wp-json\/wp\/v2\/pages"}],"about":[{"href":"https:\/\/chateaudejoyeuse.com\/index.php\/wp-json\/wp\/v2\/types\/page"}],"author":[{"embeddable":true,"href":"https:\/\/chateaudejoyeuse.com\/index.php\/wp-json\/wp\/v2\/users\/1"}],"replies":[{"embeddable":true,"href":"https:\/\/chateaudejoyeuse.com\/index.php\/wp-json\/wp\/v2\/comments?post=12"}],"version-history":[{"count":11,"href":"https:\/\/chateaudejoyeuse.com\/index.php\/wp-json\/wp\/v2\/pages\/12\/revisions"}],"predecessor-version":[{"id":504,"href":"https:\/\/chateaudejoyeuse.com\/index.php\/wp-json\/wp\/v2\/pages\/12\/revisions\/504"}],"wp:attachment":[{"href":"https:\/\/chateaudejoyeuse.com\/index.php\/wp-json\/wp\/v2\/media?parent=12"}],"curies":[{"name":"wp","href":"https:\/\/api.w.org\/{rel}","templated":true}]}}